{"id":6698,"date":"2024-03-05T18:28:18","date_gmt":"2024-03-05T18:28:18","guid":{"rendered":"https:\/\/revupmotorcycles.com\/product\/%d8%af%d8%a7%d9%8a%d8%aa%d9%88%d9%86%d8%a7-%d9%83%d9%88%d9%8a%d9%83-%d8%b1%d8%a7%d8%aa%d8%b4%d9%8a%d8%aa-3-8-9-5-%d9%85%d9%85\/"},"modified":"2024-06-06T12:52:39","modified_gmt":"2024-06-06T12:52:39","slug":"%d8%af%d8%a7%d9%8a%d8%aa%d9%88%d9%86%d8%a7-%d9%83%d9%88%d9%8a%d9%83-%d8%b1%d8%a7%d8%aa%d8%b4%d9%8a%d8%aa-3-8-9-5-%d9%85%d9%85","status":"publish","type":"product","link":"https:\/\/revupmotorcycles.com\/ar\/product\/%d8%af%d8%a7%d9%8a%d8%aa%d9%88%d9%86%d8%a7-%d9%83%d9%88%d9%8a%d9%83-%d8%b1%d8%a7%d8%aa%d8%b4%d9%8a%d8%aa-3-8-9-5-%d9%85%d9%85\/","title":{"rendered":"\u062f\u0627\u064a\u062a\u0648\u0646\u0627 \u0643\u0648\u064a\u0643 \u0631\u0627\u062a\u0634\u064a\u062a 3\/8 (9.5 \u0645\u0645)"},"content":{"rendered":"<p>\u062f\u0627\u064a\u062a\u0648\u0646\u0627 \u0643\u0648\u064a\u0643 \u0631\u0627\u062a\u0634\u064a\u062a 3\/8 (9.5 \u0645\u0645)<\/p>\n<p>\u0644 3\/8 \u0628\u0648\u0635\u0629 (9.5 \u0645\u0645)<br \/>\n&#8211; \u0632\u0627\u0648\u064a\u0629 \u0627\u0644\u062f\u0648\u0631\u0627\u0646: 5 \u062f\u0631\u062c\u0627\u062a<br \/>\n&#8211; \u0639\u062f\u062f \u0627\u0644\u062a\u0631\u0648\u0633 \u062b\u064a\u062b: 72<br \/>\n&#8211; \u0627\u0644\u062d\u062c\u0645: OD. \u00f845 \u00d7 T9.5 \u00d7 H33. \u0645\u0645<br \/>\n&#8211; \u0627\u0644\u0648\u0632\u0646: 62 \u062c\u0645<\/p>\n<p>\u0639\u0646\u062f \u0627\u0644\u062d\u0627\u062c\u0629 \u0625\u0644\u0649 \u0627\u0644\u062a\u062d\u0643\u0645 \u0641\u064a \u0639\u0632\u0645 \u0627\u0644\u062f\u0648\u0631\u0627\u0646\u060c \u064a\u062a\u0645 \u0627\u0644\u0634\u062f \u0628\u0625\u062d\u0643\u0627\u0645 \u0628\u0627\u0633\u062a\u062e\u062f\u0627\u0645 \u0645\u0641\u062a\u0627\u062d \u0639\u0632\u0645 \u0627\u0644\u062f\u0648\u0631\u0627\u0646.<\/p>\n","protected":false},"excerpt":{"rendered":"<p>\u062f\u0627\u064a\u062a\u0648\u0646\u0627 \u0643\u0648\u064a\u0643 \u0631\u0627\u062a\u0634\u064a\u062a 3\/8 (9.5 \u0645\u0645) \u0644 3\/8 \u0628\u0648\u0635\u0629 (9.5 \u0645\u0645) &#8211; \u0632\u0627\u0648\u064a\u0629 \u0627\u0644\u062f\u0648\u0631\u0627\u0646: 5 \u062f\u0631\u062c\u0627\u062a &#8211; \u0639\u062f\u062f \u0627\u0644\u062a\u0631\u0648\u0633 \u062b\u064a\u062b: 72 &#8211; \u0627\u0644\u062d\u062c\u0645: OD. \u00f845 \u00d7 T9.5 \u00d7 H33. \u0645\u0645 &#8211; \u0627\u0644\u0648\u0632\u0646: 62 \u062c\u0645 \u0639\u0646\u062f \u0627\u0644\u062d\u0627\u062c\u0629 \u0625\u0644\u0649 \u0627\u0644\u062a\u062d\u0643\u0645 \u0641\u064a \u0639\u0632\u0645 \u0627\u0644\u062f\u0648\u0631\u0627\u0646\u060c \u064a\u062a\u0645 \u0627\u0644\u0634\u062f \u0628\u0625\u062d\u0643\u0627\u0645 \u0628\u0627\u0633\u062a\u062e\u062f\u0627\u0645 \u0645\u0641\u062a\u0627\u062d \u0639\u0632\u0645 \u0627\u0644\u062f\u0648\u0631\u0627\u0646.<\/p>\n","protected":false},"featured_media":5588,"comment_status":"open","ping_status":"closed","template":"","meta":[],"product_cat":[147],"product_tag":[],"class_list":{"0":"post-6698","1":"product","2":"type-product","3":"status-publish","4":"has-post-thumbnail","6":"product_cat-147","8":"first","9":"instock","10":"taxable","11":"shipping-taxable","12":"purchasable","13":"product-type-simple"},"jetpack_sharing_enabled":true,"_links":{"self":[{"href":"https:\/\/revupmotorcycles.com\/ar\/wp-json\/wp\/v2\/product\/6698","targetHints":{"allow":["GET"]}}],"collection":[{"href":"https:\/\/revupmotorcycles.com\/ar\/wp-json\/wp\/v2\/product"}],"about":[{"href":"https:\/\/revupmotorcycles.com\/ar\/wp-json\/wp\/v2\/types\/product"}],"replies":[{"embeddable":true,"href":"https:\/\/revupmotorcycles.com\/ar\/wp-json\/wp\/v2\/comments?post=6698"}],"wp:featuredmedia":[{"embeddable":true,"href":"https:\/\/revupmotorcycles.com\/ar\/wp-json\/wp\/v2\/media\/5588"}],"wp:attachment":[{"href":"https:\/\/revupmotorcycles.com\/ar\/wp-json\/wp\/v2\/media?parent=6698"}],"wp:term":[{"taxonomy":"product_cat","embeddable":true,"href":"https:\/\/revupmotorcycles.com\/ar\/wp-json\/wp\/v2\/product_cat?post=6698"},{"taxonomy":"product_tag","embeddable":true,"href":"https:\/\/revupmotorcycles.com\/ar\/wp-json\/wp\/v2\/product_tag?post=6698"}],"curies":[{"name":"wp","href":"https:\/\/api.w.org\/{rel}","templated":true}]}}